{"id":55,"date":"2024-05-21T16:41:47","date_gmt":"2024-05-21T14:41:47","guid":{"rendered":"https:\/\/alsacegite.eu\/?page_id=55"},"modified":"2024-05-28T11:01:11","modified_gmt":"2024-05-28T09:01:11","slug":"a-propos","status":"publish","type":"page","link":"https:\/\/alsacegite.eu\/index.php\/a-propos\/","title":{"rendered":"A PROPOS 91688"},"content":{"rendered":"\t\t<div data-elementor-type=\"wp-page\" data-elementor-id=\"55\" class=\"elementor elementor-55\">\n\t\t\t\t<div class=\"elementor-element elementor-element-c480e70 e-flex e-con-boxed e-con e-parent\" data-id=\"c480e70\" data-element_type=\"container\">\n\t\t\t\t\t<div class=\"e-con-inner\">\n\t\t\t\t<div class=\"elementor-element elementor-element-3bbc48f elementor-widget elementor-widget-heading\" data-id=\"3bbc48f\" data-element_type=\"widget\" data-widget_type=\"heading.default\">\n\t\t\t\t<div class=\"elementor-widget-container\">\n\t\t\t<h2 class=\"elementor-heading-title elementor-size-default\">G\u00ceTE DU MUHLBACH<\/h2>\t\t<\/div>\n\t\t\t\t<\/div>\n\t\t\t\t\t<\/div>\n\t\t\t\t<\/div>\n\t\t<div class=\"elementor-element elementor-element-bb8070a e-flex e-con-boxed e-con e-parent\" data-id=\"bb8070a\" data-element_type=\"container\">\n\t\t\t\t\t<div class=\"e-con-inner\">\n\t\t<div class=\"elementor-element elementor-element-ecd3458 e-con-full e-flex e-con e-child\" data-id=\"ecd3458\" data-element_type=\"container\">\n\t\t\t\t<div class=\"elementor-element elementor-element-fc5aa27 elementor-widget elementor-widget-text-editor\" data-id=\"fc5aa27\" data-element_type=\"widget\" data-widget_type=\"text-editor.default\">\n\t\t\t\t<div class=\"elementor-widget-container\">\n\t\t\t\t\t\t\t<p>**<strong>Envie de rendre votre s\u00e9jour en Alsace INOUBLIABLE et AUTHENTIQUE ? **<\/strong><\/p><p><strong>\u2192 Vous \u00eates \u00e0 la recherche d&rsquo;un appartement authentique et moins cher qu&rsquo;un h\u00f4tel<\/strong><\/p><p><strong>\u2192 Vous aimeriez conna\u00eetre tous les bons plans pour \u00e9conomiser et profiter au maximum de votre s\u00e9jour<\/strong><\/p><p><strong>Je vous comprends.<\/strong><\/p>\t\t\t\t\t\t<\/div>\n\t\t\t\t<\/div>\n\t\t\t\t<\/div>\n\t\t<div class=\"elementor-element elementor-element-942f058 e-con-full e-flex e-con e-child\" data-id=\"942f058\" data-element_type=\"container\">\n\t\t\t\t<div class=\"elementor-element elementor-element-5418f73 elementor-widget elementor-widget-image\" data-id=\"5418f73\" data-element_type=\"widget\" data-widget_type=\"image.default\">\n\t\t\t\t<div class=\"elementor-widget-container\">\n\t\t\t\t\t\t\t\t\t\t\t\t\t<img fetchpriority=\"high\" decoding=\"async\" width=\"577\" height=\"350\" src=\"https:\/\/alsacegite.eu\/wp-content\/uploads\/2024\/05\/Logis1.jpg\" class=\"attachment-full size-full wp-image-31\" alt=\"stotzheim\" srcset=\"https:\/\/alsacegite.eu\/wp-content\/uploads\/2024\/05\/Logis1.jpg 577w, https:\/\/alsacegite.eu\/wp-content\/uploads\/2024\/05\/Logis1-300x182.jpg 300w\" sizes=\"(max-width: 577px) 100vw, 577px\" \/>\t\t\t\t\t\t\t\t\t\t\t\t\t<\/div>\n\t\t\t\t<\/div>\n\t\t\t\t<\/div>\n\t\t\t\t\t<\/div>\n\t\t\t\t<\/div>\n\t\t<div class=\"elementor-element elementor-element-3ed33a9 e-flex e-con-boxed e-con e-parent\" data-id=\"3ed33a9\" data-element_type=\"container\">\n\t\t\t\t\t<div class=\"e-con-inner\">\n\t\t<div class=\"elementor-element elementor-element-4504ee6 e-con-full e-flex e-con e-child\" data-id=\"4504ee6\" data-element_type=\"container\">\n\t\t\t\t<div class=\"elementor-element elementor-element-5728a95 elementor-widget elementor-widget-image\" data-id=\"5728a95\" data-element_type=\"widget\" data-widget_type=\"image.default\">\n\t\t\t\t<div class=\"elementor-widget-container\">\n\t\t\t\t\t\t\t\t\t\t\t\t\t<img decoding=\"async\" width=\"1024\" height=\"576\" src=\"https:\/\/alsacegite.eu\/wp-content\/uploads\/2024\/05\/1510A-1024x576.jpg\" class=\"attachment-large size-large wp-image-42\" alt=\"Appartement au 1er \u00e9tage\" srcset=\"https:\/\/alsacegite.eu\/wp-content\/uploads\/2024\/05\/1510A-1024x576.jpg 1024w, https:\/\/alsacegite.eu\/wp-content\/uploads\/2024\/05\/1510A-300x169.jpg 300w, https:\/\/alsacegite.eu\/wp-content\/uploads\/2024\/05\/1510A-768x432.jpg 768w, https:\/\/alsacegite.eu\/wp-content\/uploads\/2024\/05\/1510A-1536x864.jpg 1536w, https:\/\/alsacegite.eu\/wp-content\/uploads\/2024\/05\/1510A.jpg 1920w\" sizes=\"(max-width: 1024px) 100vw, 1024px\" \/>\t\t\t\t\t\t\t\t\t\t\t\t\t<\/div>\n\t\t\t\t<\/div>\n\t\t\t\t<\/div>\n\t\t<div class=\"elementor-element elementor-element-24dcbeb e-con-full e-flex e-con e-child\" data-id=\"24dcbeb\" data-element_type=\"container\">\n\t\t\t\t<div class=\"elementor-element elementor-element-46aaddc elementor-widget elementor-widget-text-editor\" data-id=\"46aaddc\" data-element_type=\"widget\" data-widget_type=\"text-editor.default\">\n\t\t\t\t<div class=\"elementor-widget-container\">\n\t\t\t\t\t\t\t<p>\u00a0<\/p><p><strong>D\u00e9couvrir l\u2019Alsace AUTHENTIQUE, hors des sentiers battus, voici ce que je vous propose !<\/strong><\/p><p><strong>\u00a0 \u00a0 \u00a0 \u00a0 \u00a0 \u00a0 \u00a0 \u00a0 \u00a0 \u00a0 \u00a0 \u00a0 \u00a0 \u00a0 \u00a0 \u00a0 \u00a0 \u00a0 100% AUTHENTIQUE<\/strong><\/p><p><strong>\u2192 Appartement au 1<sup>er<\/sup> \u00e9tage d\u2019une maison\u00a0 avec une entr\u00e9e ind\u00e9pendante au c\u0153ur d\u2019un village alsacien<\/strong><\/p>\t\t\t\t\t\t<\/div>\n\t\t\t\t<\/div>\n\t\t\t\t<\/div>\n\t\t\t\t\t<\/div>\n\t\t\t\t<\/div>\n\t\t<div class=\"elementor-element elementor-element-8697ccc e-flex e-con-boxed e-con e-parent\" data-id=\"8697ccc\" data-element_type=\"container\">\n\t\t\t\t\t<div class=\"e-con-inner\">\n\t\t<div class=\"elementor-element elementor-element-5e54bb1 e-con-full e-flex e-con e-child\" data-id=\"5e54bb1\" data-element_type=\"container\">\n\t\t\t\t<div class=\"elementor-element elementor-element-6224c54 elementor-widget elementor-widget-text-editor\" data-id=\"6224c54\" data-element_type=\"widget\" data-widget_type=\"text-editor.default\">\n\t\t\t\t<div class=\"elementor-widget-container\">\n\t\t\t\t\t\t\t<p>\u00a0<\/p><p>\u00a0<\/p><p><strong>\u2192 8 COUCHAGES avec 4 lits doubles avec 3 salles d\u2019eau privatives<\/strong><\/p>\t\t\t\t\t\t<\/div>\n\t\t\t\t<\/div>\n\t\t\t\t<\/div>\n\t\t<div class=\"elementor-element elementor-element-080fcfa e-con-full e-flex e-con e-child\" data-id=\"080fcfa\" data-element_type=\"container\">\n\t\t\t\t<div class=\"elementor-element elementor-element-fc95fda elementor-absolute elementor-widget elementor-widget-image\" data-id=\"fc95fda\" data-element_type=\"widget\" data-settings=\"{&quot;_position&quot;:&quot;absolute&quot;}\" data-widget_type=\"image.default\">\n\t\t\t\t<div class=\"elementor-widget-container\">\n\t\t\t\t\t\t\t\t\t\t\t\t\t<img decoding=\"async\" width=\"980\" height=\"525\" src=\"https:\/\/alsacegite.eu\/wp-content\/uploads\/2024\/05\/plan-du-gite.png\" class=\"attachment-large size-large wp-image-89\" alt=\"plan du gite\" srcset=\"https:\/\/alsacegite.eu\/wp-content\/uploads\/2024\/05\/plan-du-gite.png 980w, https:\/\/alsacegite.eu\/wp-content\/uploads\/2024\/05\/plan-du-gite-300x161.png 300w, https:\/\/alsacegite.eu\/wp-content\/uploads\/2024\/05\/plan-du-gite-768x411.png 768w\" sizes=\"(max-width: 980px) 100vw, 980px\" \/>\t\t\t\t\t\t\t\t\t\t\t\t\t<\/div>\n\t\t\t\t<\/div>\n\t\t\t\t<\/div>\n\t\t\t\t\t<\/div>\n\t\t\t\t<\/div>\n\t\t<div class=\"elementor-element elementor-element-84939a6 e-flex e-con-boxed e-con e-parent\" data-id=\"84939a6\" data-element_type=\"container\">\n\t\t\t\t\t<div class=\"e-con-inner\">\n\t\t<div class=\"elementor-element elementor-element-cb98bab e-con-full e-flex e-con e-child\" data-id=\"cb98bab\" data-element_type=\"container\">\n\t\t\t\t<div class=\"elementor-element elementor-element-62bc37a elementor-widget elementor-widget-image\" data-id=\"62bc37a\" data-element_type=\"widget\" data-widget_type=\"image.default\">\n\t\t\t\t<div class=\"elementor-widget-container\">\n\t\t\t\t\t\t\t\t\t\t\t\t\t<img loading=\"lazy\" decoding=\"async\" width=\"1024\" height=\"683\" src=\"https:\/\/alsacegite.eu\/wp-content\/uploads\/2024\/05\/2020-04-16-scimuhlbach-HD-71-1024x683.jpg\" class=\"attachment-large size-large wp-image-93\" alt=\"parking s\u00e9curis\u00e9 pour les motos et v\u00e9los\" srcset=\"https:\/\/alsacegite.eu\/wp-content\/uploads\/2024\/05\/2020-04-16-scimuhlbach-HD-71-1024x683.jpg 1024w, https:\/\/alsacegite.eu\/wp-content\/uploads\/2024\/05\/2020-04-16-scimuhlbach-HD-71-300x200.jpg 300w, https:\/\/alsacegite.eu\/wp-content\/uploads\/2024\/05\/2020-04-16-scimuhlbach-HD-71-768x512.jpg 768w, https:\/\/alsacegite.eu\/wp-content\/uploads\/2024\/05\/2020-04-16-scimuhlbach-HD-71-1536x1024.jpg 1536w, https:\/\/alsacegite.eu\/wp-content\/uploads\/2024\/05\/2020-04-16-scimuhlbach-HD-71-2048x1365.jpg 2048w\" sizes=\"(max-width: 1024px) 100vw, 1024px\" \/>\t\t\t\t\t\t\t\t\t\t\t\t\t<\/div>\n\t\t\t\t<\/div>\n\t\t\t\t<\/div>\n\t\t<div class=\"elementor-element elementor-element-e3a0bb5 e-con-full e-flex e-con e-child\" data-id=\"e3a0bb5\" data-element_type=\"container\">\n\t\t\t\t<div class=\"elementor-element elementor-element-7fd2c1f elementor-widget elementor-widget-text-editor\" data-id=\"7fd2c1f\" data-element_type=\"widget\" data-widget_type=\"text-editor.default\">\n\t\t\t\t<div class=\"elementor-widget-container\">\n\t\t\t\t\t\t\t<p>\u00a0<\/p><p>\u00a0<\/p><p><strong>\u2192 PARKING S\u00c9CURIS\u00c9 pour les motos et v\u00e9los pour ne plus gal\u00e9rer pour trouver une place de parking<\/strong><\/p>\t\t\t\t\t\t<\/div>\n\t\t\t\t<\/div>\n\t\t\t\t<\/div>\n\t\t\t\t\t<\/div>\n\t\t\t\t<\/div>\n\t\t<div class=\"elementor-element elementor-element-2a5bcd5 e-flex e-con-boxed e-con e-parent\" data-id=\"2a5bcd5\" data-element_type=\"container\">\n\t\t\t\t\t<div class=\"e-con-inner\">\n\t\t<div class=\"elementor-element elementor-element-89f5c57 e-con-full e-flex e-con e-child\" data-id=\"89f5c57\" data-element_type=\"container\">\n\t\t\t\t<div class=\"elementor-element elementor-element-6fc1410 elementor-widget elementor-widget-text-editor\" data-id=\"6fc1410\" data-element_type=\"widget\" data-widget_type=\"text-editor.default\">\n\t\t\t\t<div class=\"elementor-widget-container\">\n\t\t\t\t\t\t\t<p><strong>\u2192 WIFI INTERNET HAUT D\u00c9BIT pour consulter Internet\u00a0 \u00a0 \u00a0 \u00a0 gratuitement et rapidement<\/strong><\/p><p><strong>\u2192 TV HD pour se divertir avec plus de 160 cha\u00eenes TV<\/strong><\/p><p><strong>\u2192 CHROMECAST pour regarder, \u00e9couter sur le t\u00e9l\u00e9viseur HD\u00a0 \u00a0 le contenu de votre tablette ou smartphone<\/strong><\/p>\t\t\t\t\t\t<\/div>\n\t\t\t\t<\/div>\n\t\t\t\t<\/div>\n\t\t<div class=\"elementor-element elementor-element-b7adb22 e-con-full e-flex e-con e-child\" data-id=\"b7adb22\" data-element_type=\"container\">\n\t\t\t\t<div class=\"elementor-element elementor-element-7239c2b elementor-widget elementor-widget-image\" data-id=\"7239c2b\" data-element_type=\"widget\" data-widget_type=\"image.default\">\n\t\t\t\t<div class=\"elementor-widget-container\">\n\t\t\t\t\t\t\t\t\t\t\t\t\t<img loading=\"lazy\" decoding=\"async\" width=\"1024\" height=\"683\" src=\"https:\/\/alsacegite.eu\/wp-content\/uploads\/2024\/05\/2020-04-16-scimuhlbach-HD-51-1024x683.jpg\" class=\"attachment-large size-large wp-image-95\" alt=\"salon\" srcset=\"https:\/\/alsacegite.eu\/wp-content\/uploads\/2024\/05\/2020-04-16-scimuhlbach-HD-51-1024x683.jpg 1024w, https:\/\/alsacegite.eu\/wp-content\/uploads\/2024\/05\/2020-04-16-scimuhlbach-HD-51-300x200.jpg 300w, https:\/\/alsacegite.eu\/wp-content\/uploads\/2024\/05\/2020-04-16-scimuhlbach-HD-51-768x512.jpg 768w, https:\/\/alsacegite.eu\/wp-content\/uploads\/2024\/05\/2020-04-16-scimuhlbach-HD-51-1536x1024.jpg 1536w, https:\/\/alsacegite.eu\/wp-content\/uploads\/2024\/05\/2020-04-16-scimuhlbach-HD-51-2048x1365.jpg 2048w\" sizes=\"(max-width: 1024px) 100vw, 1024px\" \/>\t\t\t\t\t\t\t\t\t\t\t\t\t<\/div>\n\t\t\t\t<\/div>\n\t\t\t\t<\/div>\n\t\t\t\t\t<\/div>\n\t\t\t\t<\/div>\n\t\t<div class=\"elementor-element elementor-element-d1bd1e0 e-flex e-con-boxed e-con e-parent\" data-id=\"d1bd1e0\" data-element_type=\"container\">\n\t\t\t\t\t<div class=\"e-con-inner\">\n\t\t<div class=\"elementor-element elementor-element-4648ef7 e-con-full e-flex e-con e-child\" data-id=\"4648ef7\" data-element_type=\"container\">\n\t\t\t\t<div class=\"elementor-element elementor-element-21eb0f0 elementor-widget elementor-widget-image\" data-id=\"21eb0f0\" data-element_type=\"widget\" data-widget_type=\"image.default\">\n\t\t\t\t<div class=\"elementor-widget-container\">\n\t\t\t\t\t\t\t\t\t\t\t\t\t<img loading=\"lazy\" decoding=\"async\" width=\"776\" height=\"650\" src=\"https:\/\/alsacegite.eu\/wp-content\/uploads\/2024\/05\/cropped-1514B-2.jpg\" class=\"attachment-large size-large wp-image-22\" alt=\"\" srcset=\"https:\/\/alsacegite.eu\/wp-content\/uploads\/2024\/05\/cropped-1514B-2.jpg 776w, https:\/\/alsacegite.eu\/wp-content\/uploads\/2024\/05\/cropped-1514B-2-300x251.jpg 300w, https:\/\/alsacegite.eu\/wp-content\/uploads\/2024\/05\/cropped-1514B-2-768x643.jpg 768w\" sizes=\"(max-width: 776px) 100vw, 776px\" \/>\t\t\t\t\t\t\t\t\t\t\t\t\t<\/div>\n\t\t\t\t<\/div>\n\t\t\t\t<\/div>\n\t\t<div class=\"elementor-element elementor-element-4a687fb e-con-full e-flex e-con e-child\" data-id=\"4a687fb\" data-element_type=\"container\">\n\t\t\t\t<div class=\"elementor-element elementor-element-7693985 elementor-widget elementor-widget-text-editor\" data-id=\"7693985\" data-element_type=\"widget\" data-widget_type=\"text-editor.default\">\n\t\t\t\t<div class=\"elementor-widget-container\">\n\t\t\t\t\t\t\t<p><strong>\u2192 KIT DE REPASSAGE pour \u00e9viter les robes ou chemises froiss\u00e9s<\/strong><\/p><p><strong>\u2192 FOUR &amp; MICRO-ONDE pour jouer les chefs \u00e9toil\u00e9s et savourer la\u00a0 \u00a0 \u00a0 \u00a0 \u00a0 \u00a0 \u00a0 \u00a0gastronomie Bordelaise<\/strong><\/p><p><strong>\u2192 MACHINE \u00c0 LAVER &amp; \u00c9TENDOIR pour avoir des v\u00eatements propres\u00a0 \u00a0 \u00a0 \u00a0 \u00a0 en toutes circonstances<\/strong><\/p><p><strong>\u2192 MACHINE \u00c0 CAF\u00c9, TH\u00c9 ET MES BISCUITS PR\u00c9F\u00c9R\u00c9S sont pr\u00e9sents\u00a0 \u00a0 \u00a0 \u00a0 \u00a0 afin de se sentir comme \u00e0 la maison<\/strong><\/p>\t\t\t\t\t\t<\/div>\n\t\t\t\t<\/div>\n\t\t\t\t<\/div>\n\t\t\t\t\t<\/div>\n\t\t\t\t<\/div>\n\t\t<div class=\"elementor-element elementor-element-d96ed82 e-flex e-con-boxed e-con e-parent\" data-id=\"d96ed82\" data-element_type=\"container\">\n\t\t\t\t\t<div class=\"e-con-inner\">\n\t\t<div class=\"elementor-element elementor-element-91fceda e-con-full e-flex e-con e-child\" data-id=\"91fceda\" data-element_type=\"container\">\n\t\t\t\t<div class=\"elementor-element elementor-element-3584a8d elementor-widget__width-initial elementor-widget elementor-widget-text-editor\" data-id=\"3584a8d\" data-element_type=\"widget\" data-widget_type=\"text-editor.default\">\n\t\t\t\t<div class=\"elementor-widget-container\">\n\t\t\t\t\t\t\t<p><strong>\u00a0 \u00a0 \u00a0 \u00a0 \u00a0 \u00a0 \u00a0 \u00a0 \u00a0 \u00a0 \u00a0 \u00a0 \u00a0 \u00a0 \u00a0 \u00a0 \u00a0 \u00a0 \u00a0 \u00a0 \u00a0 \u00a0 \u00a0 \u00a0 \u00a0 \u00a0 \u00a0 \u00a0 100% \u00a0AU COEUR DE L\u2019ALSACE<\/strong><\/p><p><strong>\u2192 Situ\u00e9 \u00e0 30 min de Strasbourg ou Colmar<\/strong><\/p><p><strong>\u2192 Situ\u00e9 au pied du Mont Ste Odile<\/strong><\/p><p><strong>\u2192 Situ\u00e9 \u00e0 10 min de la gare de Benfeld ou de Barr<\/strong><\/p>\t\t\t\t\t\t<\/div>\n\t\t\t\t<\/div>\n\t\t\t\t<\/div>\n\t\t<div class=\"elementor-element elementor-element-0cd01e8 e-con-full e-flex e-con e-child\" data-id=\"0cd01e8\" data-element_type=\"container\">\n\t\t\t\t<div class=\"elementor-element elementor-element-0238d62 elementor-widget__width-initial elementor-widget elementor-widget-image\" data-id=\"0238d62\" data-element_type=\"widget\" data-widget_type=\"image.default\">\n\t\t\t\t<div class=\"elementor-widget-container\">\n\t\t\t\t\t\t\t\t\t\t\t\t\t<img loading=\"lazy\" decoding=\"async\" width=\"386\" height=\"622\" src=\"https:\/\/alsacegite.eu\/wp-content\/uploads\/2024\/05\/carte-route-des-vins-et-velo-route-fr.jpg\" class=\"attachment-full size-full wp-image-216\" alt=\"carte-route-des-vins-et-velo-route-fr\" srcset=\"https:\/\/alsacegite.eu\/wp-content\/uploads\/2024\/05\/carte-route-des-vins-et-velo-route-fr.jpg 386w, https:\/\/alsacegite.eu\/wp-content\/uploads\/2024\/05\/carte-route-des-vins-et-velo-route-fr-186x300.jpg 186w\" sizes=\"(max-width: 386px) 100vw, 386px\" \/>\t\t\t\t\t\t\t\t\t\t\t\t\t<\/div>\n\t\t\t\t<\/div>\n\t\t\t\t<\/div>\n\t\t\t\t\t<\/div>\n\t\t\t\t<\/div>\n\t\t<div class=\"elementor-element elementor-element-0d4f1fd e-flex e-con-boxed e-con e-parent\" data-id=\"0d4f1fd\" data-element_type=\"container\">\n\t\t\t\t\t<div class=\"e-con-inner\">\n\t\t<div class=\"elementor-element elementor-element-93302bf e-con-full e-flex e-con e-child\" data-id=\"93302bf\" data-element_type=\"container\">\n\t\t\t\t<div class=\"elementor-element elementor-element-7913824 elementor-widget__width-initial elementor-widget elementor-widget-image\" data-id=\"7913824\" data-element_type=\"widget\" data-widget_type=\"image.default\">\n\t\t\t\t<div class=\"elementor-widget-container\">\n\t\t\t\t\t\t\t\t\t\t\t\t\t<img loading=\"lazy\" decoding=\"async\" width=\"600\" height=\"422\" src=\"https:\/\/alsacegite.eu\/wp-content\/uploads\/2024\/05\/chateau-haut-koenigsbourg-vue-aerienne.jpg\" class=\"attachment-large size-large wp-image-69\" alt=\"chateau du haut koenigsbourg\" srcset=\"https:\/\/alsacegite.eu\/wp-content\/uploads\/2024\/05\/chateau-haut-koenigsbourg-vue-aerienne.jpg 600w, https:\/\/alsacegite.eu\/wp-content\/uploads\/2024\/05\/chateau-haut-koenigsbourg-vue-aerienne-300x211.jpg 300w\" sizes=\"(max-width: 600px) 100vw, 600px\" \/>\t\t\t\t\t\t\t\t\t\t\t\t\t<\/div>\n\t\t\t\t<\/div>\n\t\t\t\t<\/div>\n\t\t<div class=\"elementor-element elementor-element-065bd13 e-con-full e-flex e-con e-child\" data-id=\"065bd13\" data-element_type=\"container\">\n\t\t\t\t<div class=\"elementor-element elementor-element-c8f4663 elementor-widget elementor-widget-text-editor\" data-id=\"c8f4663\" data-element_type=\"widget\" data-widget_type=\"text-editor.default\">\n\t\t\t\t<div class=\"elementor-widget-container\">\n\t\t\t\t\t\t\t<p><strong>\u00a0<\/strong><\/p><p>\u00a0<\/p><p><strong>\u2192 Situ\u00e9 au d\u00e9part de nombreuses\u00a0 \u00a0 \u00a0 \u00a0 randonn\u00e9es p\u00e9destres ou cyclables<\/strong><\/p>\t\t\t\t\t\t<\/div>\n\t\t\t\t<\/div>\n\t\t\t\t<\/div>\n\t\t<div class=\"elementor-element elementor-element-729069c e-con-full e-flex e-con e-child\" data-id=\"729069c\" data-element_type=\"container\">\n\t\t\t\t<\/div>\n\t\t<div class=\"elementor-element elementor-element-a876ddb e-con-full e-flex e-con e-child\" data-id=\"a876ddb\" data-element_type=\"container\">\n\t\t\t\t<div class=\"elementor-element elementor-element-b50973d elementor-widget__width-initial elementor-widget elementor-widget-image\" data-id=\"b50973d\" data-element_type=\"widget\" data-widget_type=\"image.default\">\n\t\t\t\t<div class=\"elementor-widget-container\">\n\t\t\t\t\t\t\t\t\t\t\t\t\t<img loading=\"lazy\" decoding=\"async\" width=\"512\" height=\"512\" src=\"https:\/\/alsacegite.eu\/wp-content\/uploads\/2024\/05\/cropped-2020-04-16-scimuhlbach-HD-31-scaled-2.jpg\" class=\"attachment-large size-large wp-image-34\" alt=\"D\u00e9couvrez la chaleur d&#039;un chez-soi loin de chez vous.\" srcset=\"https:\/\/alsacegite.eu\/wp-content\/uploads\/2024\/05\/cropped-2020-04-16-scimuhlbach-HD-31-scaled-2.jpg 512w, https:\/\/alsacegite.eu\/wp-content\/uploads\/2024\/05\/cropped-2020-04-16-scimuhlbach-HD-31-scaled-2-300x300.jpg 300w, https:\/\/alsacegite.eu\/wp-content\/uploads\/2024\/05\/cropped-2020-04-16-scimuhlbach-HD-31-scaled-2-150x150.jpg 150w, https:\/\/alsacegite.eu\/wp-content\/uploads\/2024\/05\/cropped-2020-04-16-scimuhlbach-HD-31-scaled-2-383x383.jpg 383w, https:\/\/alsacegite.eu\/wp-content\/uploads\/2024\/05\/cropped-2020-04-16-scimuhlbach-HD-31-scaled-2-270x270.jpg 270w, https:\/\/alsacegite.eu\/wp-content\/uploads\/2024\/05\/cropped-2020-04-16-scimuhlbach-HD-31-scaled-2-192x192.jpg 192w, https:\/\/alsacegite.eu\/wp-content\/uploads\/2024\/05\/cropped-2020-04-16-scimuhlbach-HD-31-scaled-2-180x180.jpg 180w, https:\/\/alsacegite.eu\/wp-content\/uploads\/2024\/05\/cropped-2020-04-16-scimuhlbach-HD-31-scaled-2-32x32.jpg 32w\" sizes=\"(max-width: 512px) 100vw, 512px\" \/>\t\t\t\t\t\t\t\t\t\t\t\t\t<\/div>\n\t\t\t\t<\/div>\n\t\t\t\t<\/div>\n\t\t\t\t\t<\/div>\n\t\t\t\t<\/div>\n\t\t<div class=\"elementor-element elementor-element-995d9eb e-flex e-con-boxed e-con e-parent\" data-id=\"995d9eb\" data-element_type=\"container\">\n\t\t\t\t\t<div class=\"e-con-inner\">\n\t\t\t\t<div class=\"elementor-element elementor-element-7ff7640 elementor-align-center elementor-widget__width-initial elementor-widget elementor-widget-button\" data-id=\"7ff7640\" data-element_type=\"widget\" data-widget_type=\"button.default\">\n\t\t\t\t<div class=\"elementor-widget-container\">\n\t\t\t\t\t<div class=\"elementor-button-wrapper\">\n\t\t\t<a class=\"elementor-button elementor-button-link elementor-size-sm\" href=\"https:\/\/alsacegite.eu\/index.php\/liste-dhebergement\/\" target=\"_blank\">\n\t\t\t\t\t\t<span class=\"elementor-button-content-wrapper\">\n\t\t\t\t\t\t\t\t\t<span class=\"elementor-button-text\">R\u00e9servez maintenant avant qu'il ne soit trop tard!<\/span>\n\t\t\t\t\t<\/span>\n\t\t\t\t\t<\/a>\n\t\t<\/div>\n\t\t\t\t<\/div>\n\t\t\t\t<\/div>\n\t\t\t\t\t<\/div>\n\t\t\t\t<\/div>\n\t\t<div class=\"elementor-element elementor-element-21ade31 e-flex e-con-boxed e-con e-parent\" data-id=\"21ade31\" data-element_type=\"container\">\n\t\t\t\t\t<div class=\"e-con-inner\">\n\t\t\t\t<div class=\"elementor-element elementor-element-d8da575 elementor-widget__width-initial elementor-invisible elementor-widget elementor-widget-text-editor\" data-id=\"d8da575\" data-element_type=\"widget\" data-settings=\"{&quot;_animation&quot;:&quot;fadeIn&quot;}\" data-widget_type=\"text-editor.default\">\n\t\t\t\t<div class=\"elementor-widget-container\">\n\t\t\t\t\t\t\t<p><strong>N&rsquo;h\u00e9sitez pas \u00e0 nous contacter pour obtenir une offre adapt\u00e9e et personnalis\u00e9e en cas de groupe de moins de 8 personnes, pour un tarif ajust\u00e9 pour un long s\u00e9jour etc&#8230; Tel. 06 70 52 91 38<\/strong><\/p>\t\t\t\t\t\t<\/div>\n\t\t\t\t<\/div>\n\t\t\t\t\t<\/div>\n\t\t\t\t<\/div>\n\t\t\t\t<\/div>\n\t\t","protected":false},"excerpt":{"rendered":"<p>G\u00ceTE DU MUHLBACH **Envie de rendre votre s\u00e9jour en Alsace INOUBLIABLE et AUTHENTIQUE ? ** \u2192 Vous \u00eates \u00e0 la recherche d&rsquo;un appartement authentique et moins cher qu&rsquo;un h\u00f4tel \u2192 Vous aimeriez conna\u00eetre tous les bons plans pour \u00e9conomiser et profiter au maximum de votre s\u00e9jour Je vous comprends. \u00a0 D\u00e9couvrir l\u2019Alsace AUTHENTIQUE, hors des [&hellip;]<\/p>\n","protected":false},"author":1,"featured_media":0,"parent":0,"menu_order":0,"comment_status":"closed","ping_status":"closed","template":"","meta":{"ocean_post_layout":"","ocean_both_sidebars_style":"","ocean_both_sidebars_content_width":0,"ocean_both_sidebars_sidebars_width":0,"ocean_sidebar":"","ocean_second_sidebar":"","ocean_disable_margins":"enable","ocean_add_body_class":"","ocean_shortcode_before_top_bar":"","ocean_shortcode_after_top_bar":"","ocean_shortcode_before_header":"","ocean_shortcode_after_header":"","ocean_has_shortcode":"","ocean_shortcode_after_title":"","ocean_shortcode_before_footer_widgets":"","ocean_shortcode_after_footer_widgets":"","ocean_shortcode_before_footer_bottom":"","ocean_shortcode_after_footer_bottom":"","ocean_display_top_bar":"default","ocean_display_header":"default","ocean_header_style":"","ocean_center_header_left_menu":"","ocean_custom_header_template":"","ocean_custom_logo":0,"ocean_custom_retina_logo":0,"ocean_custom_logo_max_width":0,"ocean_custom_logo_tablet_max_width":0,"ocean_custom_logo_mobile_max_width":0,"ocean_custom_logo_max_height":0,"ocean_custom_logo_tablet_max_height":0,"ocean_custom_logo_mobile_max_height":0,"ocean_header_custom_menu":"","ocean_menu_typo_font_family":"","ocean_menu_typo_font_subset":"","ocean_menu_typo_font_size":0,"ocean_menu_typo_font_size_tablet":0,"ocean_menu_typo_font_size_mobile":0,"ocean_menu_typo_font_size_unit":"px","ocean_menu_typo_font_weight":"","ocean_menu_typo_font_weight_tablet":"","ocean_menu_typo_font_weight_mobile":"","ocean_menu_typo_transform":"","ocean_menu_typo_transform_tablet":"","ocean_menu_typo_transform_mobile":"","ocean_menu_typo_line_height":0,"ocean_menu_typo_line_height_tablet":0,"ocean_menu_typo_line_height_mobile":0,"ocean_menu_typo_line_height_unit":"","ocean_menu_typo_spacing":0,"ocean_menu_typo_spacing_tablet":0,"ocean_menu_typo_spacing_mobile":0,"ocean_menu_typo_spacing_unit":"","ocean_menu_link_color":"","ocean_menu_link_color_hover":"","ocean_menu_link_color_active":"","ocean_menu_link_background":"","ocean_menu_link_hover_background":"","ocean_menu_link_active_background":"","ocean_menu_social_links_bg":"","ocean_menu_social_hover_links_bg":"","ocean_menu_social_links_color":"","ocean_menu_social_hover_links_color":"","ocean_disable_title":"default","ocean_disable_heading":"default","ocean_post_title":"","ocean_post_subheading":"","ocean_post_title_style":"","ocean_post_title_background_color":"","ocean_post_title_background":0,"ocean_post_title_bg_image_position":"","ocean_post_title_bg_image_attachment":"","ocean_post_title_bg_image_repeat":"","ocean_post_title_bg_image_size":"","ocean_post_title_height":0,"ocean_post_title_bg_overlay":0.5,"ocean_post_title_bg_overlay_color":"","ocean_disable_breadcrumbs":"default","ocean_breadcrumbs_color":"","ocean_breadcrumbs_separator_color":"","ocean_breadcrumbs_links_color":"","ocean_breadcrumbs_links_hover_color":"","ocean_display_footer_widgets":"default","ocean_display_footer_bottom":"default","ocean_custom_footer_template":"","footnotes":""},"class_list":["post-55","page","type-page","status-publish","hentry","entry"],"_links":{"self":[{"href":"https:\/\/alsacegite.eu\/index.php\/wp-json\/wp\/v2\/pages\/55","targetHints":{"allow":["GET"]}}],"collection":[{"href":"https:\/\/alsacegite.eu\/index.php\/wp-json\/wp\/v2\/pages"}],"about":[{"href":"https:\/\/alsacegite.eu\/index.php\/wp-json\/wp\/v2\/types\/page"}],"author":[{"embeddable":true,"href":"https:\/\/alsacegite.eu\/index.php\/wp-json\/wp\/v2\/users\/1"}],"replies":[{"embeddable":true,"href":"https:\/\/alsacegite.eu\/index.php\/wp-json\/wp\/v2\/comments?post=55"}],"version-history":[{"count":32,"href":"https:\/\/alsacegite.eu\/index.php\/wp-json\/wp\/v2\/pages\/55\/revisions"}],"predecessor-version":[{"id":389,"href":"https:\/\/alsacegite.eu\/index.php\/wp-json\/wp\/v2\/pages\/55\/revisions\/389"}],"wp:attachment":[{"href":"https:\/\/alsacegite.eu\/index.php\/wp-json\/wp\/v2\/media?parent=55"}],"curies":[{"name":"wp","href":"https:\/\/api.w.org\/{rel}","templated":true}]}}